{"id":150343,"date":"2022-03-17T17:02:10","date_gmt":"2022-03-17T22:02:10","guid":{"rendered":"https:\/\/theicn.org\/cnrb-es\/restablecer-la-contrasena\/"},"modified":"2022-03-22T15:46:06","modified_gmt":"2022-03-22T20:46:06","slug":"restablecer-la-contrasena","status":"publish","type":"page","link":"https:\/\/theicn.org\/cnrb-es\/password-reset\/","title":{"rendered":"Restablecer la contrase\u00f1a"},"content":{"rendered":"<div class=\"fusion-fullwidth fullwidth-box fusion-builder-row-1 nonhundred-percent-fullwidth non-hundred-percent-height-scrolling\" style=\"--awb-border-radius-top-left:0px;--awb-border-radius-top-right:0px;--awb-border-radius-bottom-right:0px;--awb-border-radius-bottom-left:0px;--awb-flex-wrap:wrap;\" ><div class=\"fusion-builder-row fusion-row\"><div class=\"fusion-layout-column fusion_builder_column fusion-builder-column-0 fusion_builder_column_1_1 1_1 fusion-one-full fusion-column-first fusion-column-last\" style=\"--awb-bg-size:cover;--awb-margin-bottom:0px;\"><div class=\"fusion-column-wrapper fusion-flex-column-wrapper-legacy\"><div class=\"fusion-text fusion-text-1\">\n<div class=\"um um-password um-um_password_id\">\n\t<div class=\"um-form\">\n\t\t<form method=\"post\" action=\"\">\n\t\t\t\n\t\t\t\t<input type=\"hidden\" name=\"_um_password_reset\" id=\"_um_password_reset\" value=\"1\" \/>\n\n\t\t\t\t\t\t\t\t\t<div class=\"um-field um-field-block um-field-type_block\">\n\t\t\t\t\t\t<div class=\"um-field-block\">\n\t\t\t\t\t\t\t<div style=\"text-align:center;\">\n\t\t\t\t\t\t\t\tPara restablecer tu contrase\u00f1a, por favor, introduce a continuaci\u00f3n tu direcci\u00f3n de correo electr\u00f3nico o nombre de usuario.\t\t\t\t\t\t\t<\/div>\n\t\t\t\t\t\t<\/div>\n\t\t\t\t\t<\/div>\n\t\t\t\t<div  id=\"um_field_0_username_b\" class=\"um-field um-field-text  um-field-username_b um-field-text um-field-type_text\" data-key=\"username_b\"><div class=\"um-field-area\"><input  autocomplete=\"off\" class=\"um-form-field valid \" type=\"text\" name=\"username_b\" id=\"username_b\" value=\"\" placeholder=\"Introduce tu nombre de usuario o correo electr\u00f3nico\" data-validate=\"\" data-key=\"username_b\"  aria-invalid=\"false\" \/>\n\n\t\t\t\t\t\t<\/div><\/div>\n<div class=\"um-field\">\n\t<div class=\"g-recaptcha\" id=\"um-um_password_id\" data-type=\"image\" data-size=\"normal\" data-theme=\"light\" data-sitekey=\"6LekoWYUAAAAALwtVed7e-gpNhLT8p4uBajI-eHd\"><\/div>\n<\/div>\n\n\n<script type=\"text\/javascript\">\n\t\n\t\tvar onloadCallback = function () {\n\t\t\tjQuery('.g-recaptcha').each( function (i) {\n\t\t\t\tgrecaptcha.render( jQuery(this).attr('id'), {\n\t\t\t\t\t'sitekey': jQuery(this).attr('data-sitekey'),\n\t\t\t\t\t'theme': jQuery(this).attr('data-theme')\n\t\t\t\t});\n\t\t\t});\n\t\t};\n\n\t\tfunction um_recaptcha_refresh() {\n\t\t\tjQuery('.g-recaptcha').html('');\n\t\t\tgrecaptcha.reset();\n\t\t\tonloadCallback();\n\t\t}\n\n\t<\/script>\n\n\t\t\t\t<div class=\"um-col-alt um-col-alt-b\">\n\n\t\t\t\t\t<div class=\"um-center\">\n\t\t\t\t\t\t<input type=\"submit\" value=\"Restablecer contrase\u00f1a\" class=\"um-button\" id=\"um-submit-btn\" \/>\n\t\t\t\t\t<\/div>\n\n\t\t\t\t\t<div class=\"um-clear\"><\/div>\n\n\t\t\t\t<\/div>\n\n\t\t\t\t\t\t<input type=\"hidden\" name=\"form_id\" id=\"form_id_um_password_id\" value=\"um_password_id\" \/>\n\t\n\t<p class=\"um_request_name\">\n\t\t<label for=\"um_request_um_password_id\">Only fill in if you are not human<\/label>\n\t\t<input type=\"hidden\" name=\"um_request\" id=\"um_request_um_password_id\" class=\"input\" value=\"\" size=\"25\" autocomplete=\"off\" \/>\n\t<\/p>\n\n\t\t\t<\/form>\n\t<\/div>\n<\/div>\n<style>\n\t\t\t.um-um_password_id.um {\n\t\t\tmax-width: 450px;\n\t\t}\n\t\t<\/style>\n\n<\/div><div class=\"fusion-clearfix\"><\/div><\/div><\/div><\/div><\/div>\n","protected":false},"excerpt":{"rendered":"","protected":false},"author":12,"featured_media":0,"parent":0,"menu_order":13,"comment_status":"closed","ping_status":"closed","template":"","meta":{"inline_featured_image":false,"wprm-recipe-roundup-name":"","wprm-recipe-roundup-description":"","_mi_skip_tracking":false,"_monsterinsights_sitenote_active":false,"_monsterinsights_sitenote_note":"","_monsterinsights_sitenote_category":0},"_links":{"self":[{"href":"https:\/\/theicn.org\/cnrb-es\/wp-json\/wp\/v2\/pages\/150343"}],"collection":[{"href":"https:\/\/theicn.org\/cnrb-es\/wp-json\/wp\/v2\/pages"}],"about":[{"href":"https:\/\/theicn.org\/cnrb-es\/wp-json\/wp\/v2\/types\/page"}],"author":[{"embeddable":true,"href":"https:\/\/theicn.org\/cnrb-es\/wp-json\/wp\/v2\/users\/12"}],"replies":[{"embeddable":true,"href":"https:\/\/theicn.org\/cnrb-es\/wp-json\/wp\/v2\/comments?post=150343"}],"version-history":[{"count":2,"href":"https:\/\/theicn.org\/cnrb-es\/wp-json\/wp\/v2\/pages\/150343\/revisions"}],"predecessor-version":[{"id":150405,"href":"https:\/\/theicn.org\/cnrb-es\/wp-json\/wp\/v2\/pages\/150343\/revisions\/150405"}],"wp:attachment":[{"href":"https:\/\/theicn.org\/cnrb-es\/wp-json\/wp\/v2\/media?parent=150343"}],"curies":[{"name":"wp","href":"https:\/\/api.w.org\/{rel}","templated":true}]}}